{"id":80,"date":"2017-06-26T10:41:25","date_gmt":"2017-06-26T14:41:25","guid":{"rendered":"http:\/\/genesisofexodusfilm.com\/?page_id=80"},"modified":"2017-10-12T14:36:06","modified_gmt":"2017-10-12T18:36:06","slug":"resources","status":"publish","type":"page","link":"https:\/\/genesisofexodusfilm.com\/es\/resources\/","title":{"rendered":"Recursos"},"content":{"rendered":"<p style=\"padding-left: 30px;\"><a href=\"http:\/\/pcusa.org\"><img data-recalc-dims=\"1\" loading=\"lazy\" decoding=\"async\" data-attachment-id=\"113\" data-permalink=\"https:\/\/genesisofexodusfilm.com\/es\/home\/seal-2color_36x36\/\" data-orig-file=\"https:\/\/i0.wp.com\/genesisofexodusfilm.com\/wp-content\/uploads\/2017\/06\/seal-2color_36x361.png?fit=36%2C36&amp;ssl=1\" data-orig-size=\"36,36\" data-comments-opened=\"1\" data-image-meta=\"{&quot;aperture&quot;:&quot;0&quot;,&quot;credit&quot;:&quot;&quot;,&quot;camera&quot;:&quot;&quot;,&quot;caption&quot;:&quot;&quot;,&quot;created_timestamp&quot;:&quot;0&quot;,&quot;copyright&quot;:&quot;&quot;,&quot;focal_length&quot;:&quot;0&quot;,&quot;iso&quot;:&quot;0&quot;,&quot;shutter_speed&quot;:&quot;0&quot;,&quot;title&quot;:&quot;&quot;,&quot;orientation&quot;:&quot;0&quot;}\" data-image-title=\"seal-2color_36x36\" data-image-description=\"\" data-image-caption=\"\" data-large-file=\"https:\/\/i0.wp.com\/genesisofexodusfilm.com\/wp-content\/uploads\/2017\/06\/seal-2color_36x361.png?fit=36%2C36&amp;ssl=1\" class=\"alignleft wp-image-113 size-full\" src=\"https:\/\/i0.wp.com\/genesisofexodusfilm.com\/wp-content\/uploads\/2017\/06\/seal-2color_36x361.png?resize=28%2C28&#038;ssl=1\" alt=\"\" width=\"28\" height=\"28\" \/><\/a>Por favor, utilice los siguientes recursos como crea necesario, para compartir con su comunidad o con prop\u00f3sitos educativos.<\/p>\n<p style=\"padding-left: 30px;\">Durante el verano del 2014, m\u00e1s familias que en ning\u00fan otro a\u00f1o llegaron de Honduras, Guatemala, y El Salvador a los EE.UU. A pesar de que la mayor\u00eda de dichas familias estaban buscando protecci\u00f3n, la respuesta de nuestro gobierno fue establecer contratos con empresas privadas de prisiones para incrementar las plazas de detenci\u00f3n del pa\u00eds de 85 a 4000.<\/p>\n<p style=\"padding-left: 30px;\">El n\u00famero de solicitantes de asilo centroamericanos descendi\u00f3 en 2015 pero de nuevo ascendi\u00f3 en 2016. A pesar de los litigios y la abogac\u00eda para una mejora en el tratamiento de las familias en los EE.UU., vuestro gobierno aun detiene familias, agiliza sus deportaciones y frecuentemente intenta, a trav\u00e9s de legislaci\u00f3n, erosionar las protecciones b\u00e1sicas humanitarias en base a leyes y pol\u00edticas..<\/p>\n<p style=\"padding-left: 30px;\">Este tratamiento est\u00e1 justificado en una ret\u00f3rica que comienza las historias de los solicitantes de asilo a su llegada a la frontera estadounidense. Los siguientes recursos intentan comenzar dichas historias donde deber\u00edan comenzar. No en la frontera sino en las casas, negocios y escuelas del Tri\u00e1ngulo Norte de Centroam\u00e9rica, donde las familias e individuos intentan, pero no consiguen, permanecer en su lugar de nacimiento que aman.<\/p>\n<blockquote><p>\u201c<em>As\u00ed que, no los tem\u00e1is; porque nada hay encubierto, que no haya de ser manifestado; ni oculto, que no haya de saberse.\u201dMateo 10:26<\/em><\/p><\/blockquote>\n<p>Use la <a href=\"http:\/\/oga.pcusa.org\/site_media\/media\/uploads\/oga\/pdf\/genesis_of_exodus_reflection_guide.pdf\" target=\"_blank\" rel=\"noopener\">gu\u00eda de reflexi\u00f3n<\/a> como una herramienta para explorar el contenido de la historia en mapas y el documental, G\u00e9nesis del \u00c9xodo, para profundizar en el conocimiento de este fen\u00f3meno y como ayuda a definir una respuesta.<\/p>\n<p>Aqu\u00ed puede encontrar una lista con algunos recursos:<\/p>\n<h3><span style=\"color: #000000;\"><em><strong>Educacional: desenmascarando la verdad<\/strong><\/em><\/span><\/h3>\n<ul>\n<li><strong>Causas ra\u00edces de la migraci\u00f3n desde Centroam\u00e9rica:<\/strong>\n<ul>\n<li>Proyecte nuestra pelicula.<\/li>\n<li><a href=\"http:\/\/storymap.genesisofexodusfilm.com\" target=\"_blank\" rel=\"noopener\">Use nuestro Storymap<\/a><\/li>\n<li><a href=\"http:\/\/www.unhcr.org\/en-us\/about-us\/background\/56fc266f4\/children-on-the-run-full-report.html\" target=\"_blank\" rel=\"noopener\">Children on the Run<\/a>\u00a0(United Nations High Commissioner for Refugees)<\/li>\n<li><a href=\"http:\/\/www.unhcr.org\/5630f24c6.html\" target=\"_blank\" rel=\"noopener\">Women on the Run<\/a>\u00a0(United Nations High Commissioner for Refugees)<\/li>\n<\/ul>\n<\/li>\n<li><strong>Ejecuci\u00f3n de las leyes migratorias en la frontera de M\u00e9xico-Guatemala:<\/strong>\n<ul>\n<li><a href=\"https:\/\/www.wola.org\/analysis\/a-trail-of-impunity\/\" target=\"_blank\" rel=\"noopener\">A trail of impunity<\/a><\/li>\n<li><a href=\"https:\/\/www.amnestyusa.org\/reports\/facing-walls-usa-mexicos-violation-rights-asylum-seekers\/\" target=\"_blank\" rel=\"noopener\">Facing walls: USA and Mexico&#8217;s violation of the rights of asylum seekers<\/a><\/li>\n<\/ul>\n<\/li>\n<li><strong>Llegada a los EE.UU.:<\/strong>\n<ul>\n<li>Nuestra pel\u00edcula: Families Held Captive (Familias en cautividad)\n<ul>\n<li>Organice un visionado de <a href=\"https:\/\/vimeo.com\/130391925\" target=\"_blank\" rel=\"noopener\">Families Held Captive<\/a><\/li>\n<li><a href=\"http:\/\/oga.pcusa.org\/site_media\/media\/uploads\/oga\/pdf\/families_held_captive_discussion_leader_guide.pdf\" target=\"_blank\" rel=\"noopener\">Discussion leader guide (PDF)<\/a><\/li>\n<li><a href=\"http:\/\/oga.pcusa.org\/site_media\/media\/uploads\/oga\/pdf\/families_held_captive_attendee_guide.pdf\" target=\"_blank\" rel=\"noopener\">Attendee guide (PDF)\u00a0<\/a><\/li>\n<li style=\"list-style-type: none;\"><\/li>\n<\/ul>\n<\/li>\n<li>Desaf\u00edos legales a la detenci\u00f3n:\n<ul>\n<li>Aprenda m\u00e1s sobre los desaf\u00edos legales a la detenci\u00f3n e familias en <a href=\"http:\/\/oga.pcusa.org\/site_media\/media\/uploads\/oga\/pdf\/mid_council_ministries\/flores_resource_agz-tw1%5besp%5d.pdf\">Flores v. Johnson aqu\u00ed<\/a><\/li>\n<li>Lea los art\u00edculos 31-33 de la\u00a0<a href=\"http:\/\/www.unhcr.org\/3b66c2aa10.html\" target=\"_blank\" rel=\"noopener\"><em><u>Convenci\u00f3n y Protocolo en relaci\u00f3n al Status de los Refugiados <\/u><\/em><\/a>\u00a0para entender por qu\u00e9 esta pr\u00e1ctica esta en violaci\u00f3n de acuerdos internacionales sobre el tratamiento de refugiados.<\/li>\n<\/ul>\n<\/li>\n<li>Falta de asesoramiento:\n<ul>\n<li>Mujeres y menores que son liberados de detenci\u00f3n familiar deben aun aparecer en una vista para deportaci\u00f3n. Las pruebas y argumentos legales detr\u00e1s de su solicitud para permanecer en los EE.UU. son complejas y no se garantiza un abogado en estas vistas.\u00a0<a href=\"http:\/\/www.trac.syr.edu\/immigration\/reports\/377\/\" target=\"_blank\" rel=\"noopener\"><em><u>Registros de los tribunales indican <\/u><\/em><\/a>\u00a0que menos del 30% de familias tienen representaci\u00f3n legal en el juicio. Sin un abogado, las familias ganan la solicitud de asilo en solo un 1.5 por ciento de los casos. Con un abogado, la proporci\u00f3n asciende al 26.3%.<\/li>\n<\/ul>\n<\/li>\n<\/ul>\n<\/li>\n<\/ul>\n<blockquote><p>\u201c<em>Y les mand\u00f3 que hiciesen recostar a todos por grupos sobre la hierba verde. Y se recostaron por grupos, de ciento en ciento, y de cincuenta en cincuenta. Entonces tom\u00f3 los cinco panes y los dos peces, y levantando los ojos al cielo, bendijo, y parti\u00f3 los panes, y dio a sus disc\u00edpulos para que los pusiesen delante; y reparti\u00f3 los dos peces entre todos. Y comieron todos, y se saciaron. Y recogieron de los pedazos doce cestas llenas, y de lo que sobr\u00f3 de los peces. Y los que comieron eran cinco mil hombres.\u201d Marcos 6:39-44<\/em><\/p><\/blockquote>\n<h3><span style=\"color: #000000;\"><em><strong>Organizarse para responder: pocos se convierten en muchos<\/strong><\/em><\/span><\/h3>\n<ul>\n<li><strong>Recursos para el culto<\/strong>\n<ul>\n<li><a href=\"http:\/\/oga.pcusa.org\/site_media\/media\/uploads\/oga\/pdf\/other-worship-resources-mothers-day-family-detention.pdf\" target=\"_blank\" rel=\"noopener\">Oraci\u00f3n cristiana de solidaridad<\/a> (PDF) (Coalici\u00f3n interreligiosa de Inmigraci\u00f3n)<\/li>\n<li><a href=\"http:\/\/www.interfaithimmigration.org\/wp-content\/uploads\/2014\/08\/Pastors-toolkit.pdf\" target=\"_blank\" rel=\"noopener\">Herramientas para el pastor<\/a> (PDF): Como hablamos sobre los menores y familias que estan escapando de la violencia en Centroamerica. (Coalici\u00f3n interreligiosa de Inmigraci\u00f3n)<\/li>\n<li><a href=\"https:\/\/sojo.net\/articles\/children-come-new-hymn-exodus-children-central-america-us-border\" target=\"_blank\" rel=\"noopener\">\u201cQue los ni\u00f1os vengan<\/a>\u201d\u00a0Himno por Carolyn Winfrey Gillette<\/li>\n<li>\u201cJesus Entro en Egipto\u201d, Himno por Adam M. L. Tice y Ralph Vaughan Williams,\u00a0<em>Gloria a Dios<\/em>, p. 154<\/li>\n<\/ul>\n<\/li>\n<li><strong>Encontrando socios en la comunidad:<\/strong> busque socios en su comunidad que apoyen y aboguen por solicitantes de asilo reci\u00e9n llegados. Se puede encontrar apoyo y colaboraci\u00f3n en todas partes.\n<ul>\n<li>Abogados: todo el mundo necesita un abogadopara ayudarles en el proceso de deportacion. El gobierno no proporciona ninguno y su presencia puede hacer la diferencia entre deportacion y la concesi\u00f3n de asilo u tras protecciones. Descubra qu\u00e9 <a href=\"https:\/\/www.immigrationadvocates.org\/nonprofit\/legaldirectory\/\" target=\"_blank\" rel=\"noopener\">abogados sin \u00e1nimo de lucro para la defensa en procesos de deportaci\u00f3n <\/a>existen en su region, conozcalos y este preparado para dar referencias o tenerlos como invitados en eventos en su iglesia. Muchas familias necesitaran otras formas de asistencia legal, en juzgados de familia o con custodia y preparaci\u00f3n de documentos mientras se preparan para procesos de deportacion. Conozca su oficina de ayuda local y a quien puede llamar cuando necesite ayuda. Finalmente, conozca su <a href=\"http:\/\/www.aila.org\/\" target=\"_blank\" rel=\"noopener\">Asociaci\u00f3n Americana de Abogados de Inmigraci\u00f3n<\/a> y la <a href=\"https:\/\/www.aclu.org\/\" target=\"_blank\" rel=\"noopener\">Uni\u00f3n Americana para Libertades Civiles<\/a>. Pueden ser una fuente importante para referencias legales y conocer sus derechos de representaci\u00f3n tambi\u00e9n.<\/li>\n<li>Recursos de Asistencia durante desastres: consejo y subvencines a traves de <a href=\"https:\/\/pda.pcusa.org\/\" target=\"_blank\" rel=\"noopener\">Presbyterian Disaster Assistance<\/a><\/li>\n<li>Profesores: <a href=\"http:\/\/www.wral.com\/riverside-high-student-graduates-after-months-in-immigration-detention\/16760763\/\" target=\"_blank\" rel=\"noopener\">profesores, escuelas y compa\u00f1eros de clase<\/a> son frecuentemente los primeros en conocer familias solicitantes de asilo y menores. Estas organizados y se preocupan profundamente de los menores en sus clases.<\/li>\n<li>Asociaciones Ecum\u00e9nicas e Interreligiosas.<\/li>\n<li>L\u00edderes c\u00edvicos y de negocios.<\/li>\n<li>Agencias de servicios sociales.<\/li>\n<li>Organizaciones antirracistas: estas organizaciones reconocen que la misma ret\u00f3rica y sistemas se utilizan para marginalizar comunidades de color y se usan en contra de los migrantes tambi\u00e9n, y est\u00e1n frecuentemente preparadas para <a href=\"http:\/\/www.latina.com\/lifestyle\/our-issues\/black-lives-matter-joins-immigrants-rights-fight\" target=\"_blank\" rel=\"noopener\">enfrentar esos sistemas juntos. <\/a><\/li>\n<li>Abogac\u00eda liderada por migrantes y organizaciones de comunidades.<\/li>\n<li>Doctores y proveedores de salud mental, quienes tratan a los menores con cuidado hacia su <a href=\"http:\/\/www.apa.org\/topics\/immigration\/\" target=\"_blank\" rel=\"noopener\">completo bienestar<\/a> y <a href=\"https:\/\/www.aap.org\/en-us\/advocacy-and-policy\/federal-advocacy\/pages\/immigrationreform.aspx\">se organizar\u00e1n en el nombre de las familias<\/a> cuando vean que los sistemas les est\u00e1n tratando mal.<\/li>\n<\/ul>\n<\/li>\n<\/ul>\n<blockquote><p><em>\u201cY si un hermano o una hermana est\u00e1n desnudos, y tienen necesidad del mantenimiento de cada d\u00eda, y alguno de vosotros les dice: Id en paz, calentaos y saciaos, pero no les dais las cosas que son necesarias para el cuerpo, \u00bfde qu\u00e9 aprovecha? As\u00ed tambi\u00e9n la fe, si no tiene obras, es muerta en s\u00ed misma.\u201d Santiago 2:15-17<\/em><\/p><\/blockquote>\n<h3><span style=\"color: #000000;\"><em><strong>Formas de responder: Fe en acci\u00f3n<\/strong><\/em><\/span><\/h3>\n<ul>\n<li><strong>Ministerios transicionales<\/strong>: Albergue temporal, mochilas, estaciones de autob\u00fas.<\/li>\n<li><strong>Ministerios de Bienvenida<\/strong>: ISL, Eventos legales, Conozca sus derechos, patrocinando representaci\u00f3n legal, inscripciones en escuelas, Servicios sociales.<\/li>\n<li><strong>Acompa\u00f1amiento:<\/strong> al juzgado, a citas con ICE<\/li>\n<li><strong>Abogac\u00eda:<\/strong>\n<ul>\n<li>Local: llevar el acompa\u00f1amiento a las calles, usando peticiones online, cambiando la conversaci\u00f3n. Considere, de nuevo, a todos sus socios.<\/li>\n<li><strong>Nacional<\/strong>: apoyando leyes buenas, oponiendo leyes malas, visitando oficinas del Congreso.<\/li>\n<\/ul>\n<\/li>\n<\/ul>\n<h3><span style=\"color: #000000;\"><em><strong>Resistencia<\/strong><\/em><\/span><\/h3>\n<ul>\n<li><strong>Santuario<\/strong>: <a href=\"http:\/\/oga.pcusa.org\/section\/mid-council-ministries\/immigration\/sanctuary\/\" target=\"_blank\" rel=\"noopener\">m\u00e1s informaci\u00f3n aqu\u00ed<\/a>.<\/li>\n<li><strong>Respuesta r\u00e1pida a redadas: <\/strong><strong>notifique una redada cuando est\u00e1 ocurriendo a trav\u00e9s de <\/strong>United We Dream. Tome fotos o videos. Tome notas de n\u00fameros de placa, n\u00fameros de agentes, quien fue detenido y cuando. Llame al tel\u00e9fono: 1-844-363-1423.<\/li>\n<\/ul>\n<blockquote><p><em>\u201cLo que os digo en tinieblas, decidlo en la luz; y lo que o\u00eds al o\u00eddo, proclamadlo desde las azoteas.\u201d Mateo 10:2<\/em><\/p><\/blockquote>\n<p>&nbsp;<\/p>\n","protected":false},"excerpt":{"rendered":"<p>Por favor, utilice los siguientes recursos como crea necesario, para compartir con su comunidad o con prop\u00f3sitos educativos. Durante el verano del 2014, m\u00e1s familias que en ning\u00fan otro a\u00f1o llegaron de Honduras, Guatemala, y El Salvador a los EE.UU. A pesar de que la mayor\u00eda de dichas familias estaban buscando protecci\u00f3n, la respuesta de&#x2026; <\/p>\n<p class=\"more-link-container wp-block-button is-style-outline\"><a href=\"https:\/\/genesisofexodusfilm.com\/es\/resources\/\" class=\"more-link wp-block-button__link\">Sigue leyendo <span class=\"screen-reader-text\">Recursos<\/span><\/a><\/p>\n","protected":false},"author":1,"featured_media":279,"parent":0,"menu_order":3,"comment_status":"closed","ping_status":"closed","template":"templates\/full-width-grid-page.php","meta":{"_seopress_robots_primary_cat":"","_seopress_titles_title":"","_seopress_titles_desc":"","_seopress_robots_index":"","footnotes":""},"tags":[],"class_list":["post-80","page","type-page","status-publish","has-post-thumbnail","hentry"],"translation":{"provider":"WPGlobus","version":"3.0.2","language":"es","enabled_languages":["en","es"],"languages":{"en":{"title":true,"content":true,"excerpt":false},"es":{"title":true,"content":true,"excerpt":false}}},"jetpack_sharing_enabled":true,"jetpack_shortlink":"https:\/\/wp.me\/P8PLdG-1i","jetpack_likes_enabled":true,"_links":{"self":[{"href":"https:\/\/genesisofexodusfilm.com\/es\/wp-json\/wp\/v2\/pages\/80","targetHints":{"allow":["GET"]}}],"collection":[{"href":"https:\/\/genesisofexodusfilm.com\/es\/wp-json\/wp\/v2\/pages"}],"about":[{"href":"https:\/\/genesisofexodusfilm.com\/es\/wp-json\/wp\/v2\/types\/page"}],"author":[{"embeddable":true,"href":"https:\/\/genesisofexodusfilm.com\/es\/wp-json\/wp\/v2\/users\/1"}],"replies":[{"embeddable":true,"href":"https:\/\/genesisofexodusfilm.com\/es\/wp-json\/wp\/v2\/comments?post=80"}],"version-history":[{"count":37,"href":"https:\/\/genesisofexodusfilm.com\/es\/wp-json\/wp\/v2\/pages\/80\/revisions"}],"predecessor-version":[{"id":380,"href":"https:\/\/genesisofexodusfilm.com\/es\/wp-json\/wp\/v2\/pages\/80\/revisions\/380"}],"wp:featuredmedia":[{"embeddable":true,"href":"https:\/\/genesisofexodusfilm.com\/es\/wp-json\/wp\/v2\/media\/279"}],"wp:attachment":[{"href":"https:\/\/genesisofexodusfilm.com\/es\/wp-json\/wp\/v2\/media?parent=80"}],"wp:term":[{"taxonomy":"post_tag","embeddable":true,"href":"https:\/\/genesisofexodusfilm.com\/es\/wp-json\/wp\/v2\/tags?post=80"}],"curies":[{"name":"wp","href":"https:\/\/api.w.org\/{rel}","templated":true}]}}