{"id":74,"date":"2017-06-26T10:32:52","date_gmt":"2017-06-26T14:32:52","guid":{"rendered":"http:\/\/genesisofexodusfilm.com\/?page_id=74"},"modified":"2017-10-16T09:58:58","modified_gmt":"2017-10-16T13:58:58","slug":"storymap","status":"publish","type":"page","link":"https:\/\/genesisofexodusfilm.com\/es\/storymap\/","title":{"rendered":"Storymap"},"content":{"rendered":"<p style=\"padding-left: 30px;\"><a href=\"http:\/\/pcusa.org\"><img data-recalc-dims=\"1\" loading=\"lazy\" decoding=\"async\" data-attachment-id=\"113\" data-permalink=\"https:\/\/genesisofexodusfilm.com\/es\/home\/seal-2color_36x36\/\" data-orig-file=\"https:\/\/i0.wp.com\/genesisofexodusfilm.com\/wp-content\/uploads\/2017\/06\/seal-2color_36x361.png?fit=36%2C36&amp;ssl=1\" data-orig-size=\"36,36\" data-comments-opened=\"1\" data-image-meta=\"{&quot;aperture&quot;:&quot;0&quot;,&quot;credit&quot;:&quot;&quot;,&quot;camera&quot;:&quot;&quot;,&quot;caption&quot;:&quot;&quot;,&quot;created_timestamp&quot;:&quot;0&quot;,&quot;copyright&quot;:&quot;&quot;,&quot;focal_length&quot;:&quot;0&quot;,&quot;iso&quot;:&quot;0&quot;,&quot;shutter_speed&quot;:&quot;0&quot;,&quot;title&quot;:&quot;&quot;,&quot;orientation&quot;:&quot;0&quot;}\" data-image-title=\"seal-2color_36x36\" data-image-description=\"\" data-image-caption=\"\" data-large-file=\"https:\/\/i0.wp.com\/genesisofexodusfilm.com\/wp-content\/uploads\/2017\/06\/seal-2color_36x361.png?fit=36%2C36&amp;ssl=1\" class=\"alignleft wp-image-113 size-full\" src=\"https:\/\/i0.wp.com\/genesisofexodusfilm.com\/wp-content\/uploads\/2017\/06\/seal-2color_36x361.png?resize=28%2C28&#038;ssl=1\" alt=\"\" width=\"28\" height=\"28\" \/><\/a>Tambi\u00e9n creamos un &#8220;storymap&#8221; (Historia en mapas), que pretende ser una herramienta online, interactiva y educacional.<\/p>\n<p>Incorpora narrativa textual, im\u00e1genes, contenido multimedia y, por supuesto, mapas interactivos para agregar una perspectiva geogr\u00e1fica de dichos pa\u00edses y el viaje que los migrantes tienen que enfrentar.<\/p>\n<p align=\"center\"><a href=\"http:\/\/storymap.genesisofexodusfilm.com\/index.html?language=spanish\" target=\"_blank\" rel=\"noopener\"><img data-recalc-dims=\"1\" loading=\"lazy\" decoding=\"async\" class=\"alignnone\" style=\"border-radius: 50%;\" src=\"https:\/\/i0.wp.com\/genesisofexodusfilm.com\/wp-content\/uploads\/2017\/06\/STORYMAP-THUMBNAIL.jpg?resize=200%2C200&#038;ssl=1\" alt=\"La G\u00e9nesis del \u00c9xodo\" width=\"200\" height=\"200\" \/><\/a><\/p>\n<p align=\"center\">Acceda a <a href=\"http:\/\/storymap.genesisofexodusfilm.com\/index.html?language=spanish\" target=\"_blank\" rel=\"noopener\">la historia en mapas de La G\u00e9nesis del \u00c9xodo aqu\u00ed<\/a> o presione la imagen arriba. Esta historia en mapas est\u00e1 optimizada para dispositivos m\u00f3viles pero para obtener una experiencia m\u00e1s rica y completa, les recomendamos usar un monitor m\u00e1s grande.<\/p>\n","protected":false},"excerpt":{"rendered":"<p>Tambi\u00e9n creamos un &#8220;storymap&#8221; (Historia en mapas), que pretende ser una herramienta online, interactiva y educacional. Incorpora narrativa textual, im\u00e1genes, contenido multimedia y, por supuesto, mapas interactivos para agregar una perspectiva geogr\u00e1fica de dichos pa\u00edses y el viaje que los migrantes tienen que enfrentar. Acceda a la historia en mapas de La G\u00e9nesis del \u00c9xodo&#x2026; <\/p>\n<p class=\"more-link-container wp-block-button is-style-outline\"><a href=\"https:\/\/genesisofexodusfilm.com\/es\/storymap\/\" class=\"more-link wp-block-button__link\">Sigue leyendo <span class=\"screen-reader-text\">Storymap<\/span><\/a><\/p>\n","protected":false},"author":1,"featured_media":271,"parent":0,"menu_order":2,"comment_status":"closed","ping_status":"closed","template":"templates\/full-width-grid-page.php","meta":{"_seopress_robots_primary_cat":"","_seopress_titles_title":"","_seopress_titles_desc":"","_seopress_robots_index":"","_seopress_analysis_target_kw":"","footnotes":""},"tags":[],"class_list":["post-74","page","type-page","status-publish","has-post-thumbnail","hentry"],"translation":{"provider":"WPGlobus","version":"3.0.2","language":"es","enabled_languages":["en","es"],"languages":{"en":{"title":true,"content":true,"excerpt":false},"es":{"title":false,"content":true,"excerpt":false}}},"jetpack_sharing_enabled":true,"jetpack_shortlink":"https:\/\/wp.me\/P8PLdG-1c","jetpack_likes_enabled":true,"_links":{"self":[{"href":"https:\/\/genesisofexodusfilm.com\/es\/wp-json\/wp\/v2\/pages\/74","targetHints":{"allow":["GET"]}}],"collection":[{"href":"https:\/\/genesisofexodusfilm.com\/es\/wp-json\/wp\/v2\/pages"}],"about":[{"href":"https:\/\/genesisofexodusfilm.com\/es\/wp-json\/wp\/v2\/types\/page"}],"author":[{"embeddable":true,"href":"https:\/\/genesisofexodusfilm.com\/es\/wp-json\/wp\/v2\/users\/1"}],"replies":[{"embeddable":true,"href":"https:\/\/genesisofexodusfilm.com\/es\/wp-json\/wp\/v2\/comments?post=74"}],"version-history":[{"count":34,"href":"https:\/\/genesisofexodusfilm.com\/es\/wp-json\/wp\/v2\/pages\/74\/revisions"}],"predecessor-version":[{"id":172,"href":"https:\/\/genesisofexodusfilm.com\/es\/wp-json\/wp\/v2\/pages\/74\/revisions\/172"}],"wp:featuredmedia":[{"embeddable":true,"href":"https:\/\/genesisofexodusfilm.com\/es\/wp-json\/wp\/v2\/media\/271"}],"wp:attachment":[{"href":"https:\/\/genesisofexodusfilm.com\/es\/wp-json\/wp\/v2\/media?parent=74"}],"wp:term":[{"taxonomy":"post_tag","embeddable":true,"href":"https:\/\/genesisofexodusfilm.com\/es\/wp-json\/wp\/v2\/tags?post=74"}],"curies":[{"name":"wp","href":"https:\/\/api.w.org\/{rel}","templated":true}]}}