{"id":400,"date":"2018-02-13T13:28:20","date_gmt":"2018-02-13T18:28:20","guid":{"rendered":"https:\/\/genesisofexodusfilm.com\/?page_id=400"},"modified":"2018-02-13T13:49:48","modified_gmt":"2018-02-13T18:49:48","slug":"thefilm","status":"publish","type":"page","link":"https:\/\/genesisofexodusfilm.com\/es\/thefilm\/","title":{"rendered":"La pel\u00edcula"},"content":{"rendered":"<p style=\"padding-left: 30px;\"><a href=\"http:\/\/pcusa.org\"><img data-recalc-dims=\"1\" loading=\"lazy\" decoding=\"async\" data-attachment-id=\"113\" data-permalink=\"https:\/\/genesisofexodusfilm.com\/es\/home\/seal-2color_36x36\/\" data-orig-file=\"https:\/\/i0.wp.com\/genesisofexodusfilm.com\/wp-content\/uploads\/2017\/06\/seal-2color_36x361.png?fit=36%2C36&amp;ssl=1\" data-orig-size=\"36,36\" data-comments-opened=\"1\" data-image-meta=\"{&quot;aperture&quot;:&quot;0&quot;,&quot;credit&quot;:&quot;&quot;,&quot;camera&quot;:&quot;&quot;,&quot;caption&quot;:&quot;&quot;,&quot;created_timestamp&quot;:&quot;0&quot;,&quot;copyright&quot;:&quot;&quot;,&quot;focal_length&quot;:&quot;0&quot;,&quot;iso&quot;:&quot;0&quot;,&quot;shutter_speed&quot;:&quot;0&quot;,&quot;title&quot;:&quot;&quot;,&quot;orientation&quot;:&quot;0&quot;}\" data-image-title=\"seal-2color_36x36\" data-image-description=\"\" data-image-caption=\"\" data-large-file=\"https:\/\/i0.wp.com\/genesisofexodusfilm.com\/wp-content\/uploads\/2017\/06\/seal-2color_36x361.png?fit=36%2C36&amp;ssl=1\" class=\"alignleft wp-image-113 size-full\" src=\"https:\/\/i0.wp.com\/genesisofexodusfilm.com\/wp-content\/uploads\/2017\/06\/seal-2color_36x361.png?resize=28%2C28&#038;ssl=1\" alt=\"\" width=\"28\" height=\"28\" \/><\/a>Nuestro equipo viaj\u00f3 a El Salvador, Guatemala y el sur de M\u00e9xico con el objetivo de dar voz a los migrantes, sus familias y a aquellas personas que trabajan con ellos.<\/p>\n<p>Gracias al apoyo de nuestros colegas sobre el terreno, los trabajadores de <a href=\"https:\/\/www.presbyterianmission.org\/ministries\/world-mission\/\">Misi\u00f3n Mundial<\/a> y sus socios locales, aprendimos sobre historias dram\u00e1ticas y los esfuerzos de activistas locales para asistir a las v\u00edctimas de esta situaci\u00f3n.<\/p>\n<p>Hemos producido una pel\u00edcula documental \u2014La G\u00e9nesis del \u00c9xodo\u2014 para contar la historia completa, que empieza en las calles, hogares y negocios de estas familias: menores, mujeres y hombres que aman a su pa\u00eds, pero que no pueden sobrevivir en sus comunidades.<\/p>\n<p>Vea el tr\u00e1iler:<br \/>\n<iframe loading=\"lazy\" src=\"\/\/player.vimeo.com\/video\/207684473\" width=\"500\" height=\"281\" allowfullscreen=\"allowfullscreen\"><\/iframe><\/p>\n<p>Vea el documental:<br \/>\n<iframe loading=\"lazy\" src=\"\/\/player.vimeo.com\/video\/222008830\" width=\"500\" height=\"281\" allowfullscreen=\"allowfullscreen\"><\/iframe><\/p>\n","protected":false},"excerpt":{"rendered":"<p>Nuestro equipo viaj\u00f3 a El Salvador, Guatemala y el sur de M\u00e9xico con el objetivo de dar voz a los migrantes, sus familias y a aquellas personas que trabajan con ellos. Gracias al apoyo de nuestros colegas sobre el terreno, los trabajadores de Misi\u00f3n Mundial y sus socios locales, aprendimos sobre historias dram\u00e1ticas y los&#x2026; <\/p>\n<p class=\"more-link-container wp-block-button is-style-outline\"><a href=\"https:\/\/genesisofexodusfilm.com\/es\/thefilm\/\" class=\"more-link wp-block-button__link\">Sigue leyendo <span class=\"screen-reader-text\">La pel\u00edcula<\/span><\/a><\/p>\n","protected":false},"author":1,"featured_media":124,"parent":0,"menu_order":1,"comment_status":"closed","ping_status":"closed","template":"templates\/full-width-grid-page.php","meta":{"_seopress_robots_primary_cat":"","_seopress_titles_title":"The Genesis of Exodus - The film","_seopress_titles_desc":"","_seopress_robots_index":"","footnotes":""},"tags":[],"class_list":["post-400","page","type-page","status-publish","has-post-thumbnail","hentry"],"translation":{"provider":"WPGlobus","version":"3.0.2","language":"es","enabled_languages":["en","es"],"languages":{"en":{"title":true,"content":true,"excerpt":false},"es":{"title":true,"content":true,"excerpt":false}}},"jetpack_sharing_enabled":true,"jetpack_shortlink":"https:\/\/wp.me\/P8PLdG-6s","jetpack_likes_enabled":true,"_links":{"self":[{"href":"https:\/\/genesisofexodusfilm.com\/es\/wp-json\/wp\/v2\/pages\/400","targetHints":{"allow":["GET"]}}],"collection":[{"href":"https:\/\/genesisofexodusfilm.com\/es\/wp-json\/wp\/v2\/pages"}],"about":[{"href":"https:\/\/genesisofexodusfilm.com\/es\/wp-json\/wp\/v2\/types\/page"}],"author":[{"embeddable":true,"href":"https:\/\/genesisofexodusfilm.com\/es\/wp-json\/wp\/v2\/users\/1"}],"replies":[{"embeddable":true,"href":"https:\/\/genesisofexodusfilm.com\/es\/wp-json\/wp\/v2\/comments?post=400"}],"version-history":[{"count":2,"href":"https:\/\/genesisofexodusfilm.com\/es\/wp-json\/wp\/v2\/pages\/400\/revisions"}],"predecessor-version":[{"id":403,"href":"https:\/\/genesisofexodusfilm.com\/es\/wp-json\/wp\/v2\/pages\/400\/revisions\/403"}],"wp:featuredmedia":[{"embeddable":true,"href":"https:\/\/genesisofexodusfilm.com\/es\/wp-json\/wp\/v2\/media\/124"}],"wp:attachment":[{"href":"https:\/\/genesisofexodusfilm.com\/es\/wp-json\/wp\/v2\/media?parent=400"}],"wp:term":[{"taxonomy":"post_tag","embeddable":true,"href":"https:\/\/genesisofexodusfilm.com\/es\/wp-json\/wp\/v2\/tags?post=400"}],"curies":[{"name":"wp","href":"https:\/\/api.w.org\/{rel}","templated":true}]}}