{"id":3,"date":"2017-06-12T18:39:13","date_gmt":"2017-06-12T18:39:13","guid":{"rendered":"https:\/\/genesisofexodusfilm.com\/?page_id=3"},"modified":"2017-07-05T15:27:26","modified_gmt":"2017-07-05T19:27:26","slug":"contact","status":"publish","type":"page","link":"https:\/\/genesisofexodusfilm.com\/es\/contact\/","title":{"rendered":"Contacto"},"content":{"rendered":"<p style=\"padding-left: 30px;\"><a href=\"http:\/\/pcusa.org\"><img data-recalc-dims=\"1\" loading=\"lazy\" decoding=\"async\" data-attachment-id=\"113\" data-permalink=\"https:\/\/genesisofexodusfilm.com\/es\/home\/seal-2color_36x36\/\" data-orig-file=\"https:\/\/i0.wp.com\/genesisofexodusfilm.com\/wp-content\/uploads\/2017\/06\/seal-2color_36x361.png?fit=36%2C36&amp;ssl=1\" data-orig-size=\"36,36\" data-comments-opened=\"1\" data-image-meta=\"{&quot;aperture&quot;:&quot;0&quot;,&quot;credit&quot;:&quot;&quot;,&quot;camera&quot;:&quot;&quot;,&quot;caption&quot;:&quot;&quot;,&quot;created_timestamp&quot;:&quot;0&quot;,&quot;copyright&quot;:&quot;&quot;,&quot;focal_length&quot;:&quot;0&quot;,&quot;iso&quot;:&quot;0&quot;,&quot;shutter_speed&quot;:&quot;0&quot;,&quot;title&quot;:&quot;&quot;,&quot;orientation&quot;:&quot;0&quot;}\" data-image-title=\"seal-2color_36x36\" data-image-description=\"\" data-image-caption=\"\" data-large-file=\"https:\/\/i0.wp.com\/genesisofexodusfilm.com\/wp-content\/uploads\/2017\/06\/seal-2color_36x361.png?fit=36%2C36&amp;ssl=1\" class=\"alignleft wp-image-113 size-full\" src=\"https:\/\/i0.wp.com\/genesisofexodusfilm.com\/wp-content\/uploads\/2017\/06\/seal-2color_36x361.png?resize=28%2C28&#038;ssl=1\" alt=\"\" width=\"28\" height=\"28\" \/><\/a>Por favor, rellene el siguiente formulario para contactar con nosotros si tiene alguna pregunta, comentario o desea organizar una proyecci\u00f3n de la pel\u00edcula para reunir a su comunidad. Nos encantar\u00eda participar en su evento.<\/p>\n<div data-test='contact-form'\n\t\t\tid='contact-form-3'\n\t\t\tclass='jetpack-contact-form-container '\n\t\t\tdata-wp-interactive='jetpack\/form' data-wp-context='{\"formId\":\"3\",\"formHash\":\"9d844f9ae991e918633e08eb92f63fe280ae6043\",\"showErrors\":false,\"errors\":[],\"fields\":[],\"isMultiStep\":false,\"useAjax\":false,\"submissionData\":null,\"formattedSubmissionData\":[],\"submissionSuccess\":false,\"submissionError\":null,\"elementId\":\"jp-form-9d844f9ae991e918633e08eb92f63fe280ae6043\",\"isSingleInputForm\":false,\"isForcedHorizontal\":false}'\n\t\t\tdata-wp-watch--scroll-to-wrapper=\"callbacks.scrollToWrapper\"\n\t\t>\n<div class=\"contact-form-submission contact-form-ajax-submission\" data-wp-bind--aria-hidden=\"state.isSuccessMessageAriaHidden\" data-wp-class--submission-success=\"context.submissionSuccess\" id=\"contact-form-success-9d844f9ae991e918633e08eb92f63fe280ae6043\" tabindex=\"-1\" aria-labelledby=\"contact-form-success-header-9d844f9ae991e918633e08eb92f63fe280ae6043\"><p class=\"go-back-message\"><a class=\"link\" role=\"button\" tabindex=\"0\" data-wp-on--click=\"actions.goBack\" href=\"\/es\/wp-json\/wp\/v2\/pages\/3\">\u2190 Volver<\/a><\/p><h4 data-wp-bind--aria-hidden=\"state.isSuccessMessageAriaHidden\" id=\"contact-form-success-header-9d844f9ae991e918633e08eb92f63fe280ae6043\">Gracias por tu respuesta. \u2728<\/h4>\n\n<template data-wp-each--submission=\"context.formattedSubmissionData\">\n\t\t\t\t\t<div class=\"jetpack_forms_contact-form-success-summary\">\n\t\t\t\t\t\t<div class=\"field-name-wrapper\">\n\t\t\t\t\t\t\t<div class=\"field-type-icon\" data-wp-watch=\"callbacks.watchFieldTypeIcon\"><\/div>\n\t\t\t\t\t\t\t<div class=\"field-name\" data-wp-text=\"context.submission.label\" data-wp-bind--hidden=\"!context.submission.label\"><\/div>\n\t\t\t\t\t\t<\/div>\n\t\t\t\t\t\t<div class=\"field-value\" data-wp-text=\"context.submission.value\" data-wp-bind--hidden=\"!context.submission.showPlainValue\"><\/div>\n\t\t\t\t\t\t<a class=\"field-url\" data-wp-bind--href=\"context.submission.url\" data-wp-text=\"context.submission.value\" data-wp-bind--hidden=\"!context.submission.url\" target=\"_blank\" rel=\"noopener noreferrer\"><\/a>\n\t\t\t\t\t\t<div class=\"field-rating\" data-wp-bind--hidden=\"!context.submission.rating\" data-wp-watch=\"callbacks.watchRatingIcons\"><\/div>\n\t\t\t\t\t\t<div class=\"field-images\" data-wp-bind--hidden=\"!context.submission.images\">\n\t\t\t\t\t\t\t<template data-wp-each--image=\"context.submission.images\">\n\t\t\t\t\t\t\t\t<div class=\"field-image-option\" data-wp-class--is-empty=\"!context.image.src\">\n\t\t\t\t\t\t\t\t\t<figure class=\"field-image-option__image\" data-wp-class--is-empty=\"!context.image.src\">\n\t\t\t\t\t\t\t\t\t\t<img data-wp-bind--src=\"context.image.src\" data-wp-bind--hidden=\"!context.image.src\" \/>\n\t\t\t\t\t\t\t\t\t\t<img decoding=\"async\" src=\"data:image\/gif;base64,R0lGODlhAQABAAD\/ACwAAAAAAQABAAACADs=\" data-wp-bind--hidden=\"context.image.src\" \/>\n\t\t\t\t\t\t\t\t\t<\/figure>\n\t\t\t\t\t\t\t\t\t<div class=\"field-image-option__label-wrapper\">\n\t\t\t\t\t\t\t\t\t\t<span class=\"field-image-option__label-code\" data-wp-text=\"context.image.letterCode\"><\/span>\n\t\t\t\t\t\t\t\t\t\t<span class=\"field-image-option__label\" data-wp-text=\"context.image.label\" data-wp-bind--hidden=\"!context.image.label\"><\/span>\n\t\t\t\t\t\t\t\t\t<\/div>\n\t\t\t\t\t\t\t\t<\/div>\n\t\t\t\t\t\t\t<\/template>\n\t\t\t\t\t\t<\/div>\n\t\t\t\t\t\t<div class=\"field-files\" data-wp-bind--hidden=\"!context.submission.files\">\n\t\t\t\t\t\t\t<template data-wp-each--file=\"context.submission.files\">\n\t\t\t\t\t\t\t\t<div class=\"field-file\">\n\t\t\t\t\t\t\t\t\t<div class=\"field-file__thumbnail\" data-wp-style--background-image=\"context.file.previewUrl\" data-wp-style--mask-image=\"context.file.iconUrl\" data-wp-bind--hidden=\"!context.file.hasPreview\"><\/div>\n\t\t\t\t\t\t\t\t\t<svg class=\"field-file__icon\" data-wp-bind--hidden=\"context.file.hasPreview\" width=\"20\" height=\"20\" viewBox=\"0 0 24 24\" fill=\"none\" xmlns=\"http:\/\/www.w3.org\/2000\/svg\" aria-hidden=\"true\">\n\t\t\t\t\t\t\t\t\t\t<path d=\"M14 2H6C4.9 2 4 2.9 4 4V20C4 21.1 4.89 22 5.99 22H18C19.1 22 20 21.1 20 20V8L14 2ZM18 20H6V4H13V9H18V20Z\" fill=\"currentColor\"\/>\n\t\t\t\t\t\t\t\t\t<\/svg>\n\t\t\t\t\t\t\t\t\t<span class=\"field-file__name\" data-wp-text=\"context.file.name\"><\/span>\n\t\t\t\t\t\t\t\t\t<span class=\"field-file__size\" data-wp-text=\"context.file.size\"><\/span>\n\t\t\t\t\t\t\t\t<\/div>\n\t\t\t\t\t\t\t<\/template>\n\t\t\t\t\t\t<\/div>\n\t\t\t\t\t<\/div>\n\t\t\t\t<\/template><\/div><form action='https:\/\/genesisofexodusfilm.com\/es\/contact\/'\n\t\t\t\tid='jp-form-9d844f9ae991e918633e08eb92f63fe280ae6043'\n\t\t\t\tmethod='post'\n\t\t\t\tclass='contact-form commentsblock jetpack-contact-form__form has-no-jetpack-form-layout' aria-label=\"{:en}Contact{:}{:es}Contacto{:}\"\n\t\t\t\tdata-wp-on--submit=\"actions.onFormSubmit\"\n\t\t\t\tdata-wp-on--reset=\"actions.onFormReset\"\n\t\t\t\tdata-wp-class--submission-success=\"context.submissionSuccess\"\n\t\t\t\tdata-wp-class--is-first-step=\"state.isFirstStep\"\n\t\t\t\tdata-wp-class--is-last-step=\"state.isLastStep\"\n\t\t\t\tdata-wp-class--is-ajax-form=\"context.useAjax\"\n\t\t\t\tnovalidate >\n<input type='hidden' name='jetpack_contact_form_jwt' value='eyJ0eXAiOiJKV1QiLCJhbGciOiJIUzI1NiJ9.eyJlbmNyeXB0ZWRfYXR0cmlidXRlcyI6IlJpcFZwQnhoL2Y5eEVvQzlsbTQ4Z3AwUi91UEhqUkp4WUMxaXNqNmQ0MzA4RldmSXRRR2ZTVmxkQUl2VGVxbG81N0dlR212R0YzNG1RR0FsK0RST1FmTHIxK2RiYkZ1TDhlOXBFSmZXaS8wNzhJQVhTVTJXM0ZwY01IcDMzVnBRaU5PYVF0RVBsQk9Cc3dQRFJJRUJWM055elpFNHRIdjBueDA0bmpONm80N3FQeVhvWFZBaHJQVlFVQ09zYjN5c1ArbmZVR3VJdFZTU1VjeURLZ3VCa1dUYnpna25XaFhHbS85Ly9kcS9JcklYU0VNZlpDRkFXOTJqQkJpL3AyQzQ3Q291a1poUnk5RnJLSVBIZmw1U2FRUndQNWM0NGlHem5EeVZsbWE3QXFUdktDMWdxdHpSbXlQYTVOWGZuSGxONDNpVHZNMERXQUZEOFVsUkRTL01JbEtJM3FqOUVuVVVOSXFuU2RRU0l4Um9KdE9ORjE2K0pxem9XaFpZU3QrS3RXNDA1bEV4WXdVb0p5MjBDNWxTMmw4MG9LNytXdU9qam5lcmNaZjgxaDFRT0ljVktuNXRtSm1pVHg1S25XWUZMN2o0czJWek85ZzcyZnpKZVNFM251RThzUWl4MWNvUWZtOVc2NUlOakRHaDVlYTdieGRNT1EveHgxVWJqbVBoTEw4a2VrTytDcjdLQUxGTVQyMUhtNUJsYnIwajFIbkdGUWJ2NXpBa2tROG1mSktZVWJ5SVBTVDVCS0JJbU11OUkyRWM0S2plWjE4UW5xYTdTTjA2MWtEaHViNE1Nb243QTV3RFlEemI0OXArY0p4WjB3WUthRlZubEozVG1UT3oyVXBvVndORXhaK3o4bUFadGExWmhpOGJNdHhJYnpGQVEyZ2RSY3czZ0pUMHFlT2l2TUpnSlBEZ1ZCK1RDR1lRR0cxeFNwUWYyTzRZdDNLREVOeVpRTXhrUjhkK3lzT1hrZXd0SVVzYmQzQzBHNVdSUFFsUUZTMHdYZE91RHlJcU0vN0s0eVFWMC9RdW93cFVDb1gzRlhXc3h1alRVNUJMSFR3SHp2YTMyTG10RFdqU2NCQzMrNWRsbVBPU0xSUWVrNkNBZFBaZFh5c3k2VWVsNWdoMm9mV2lJVVk2a01vNkNrU3MrUHVETzZsU3IyWGJReGFka1NiNTdBNFdWT1VRUVdYZTdLWkF3bllNSlkrTnBVbVFKZEJLWGFRTTdiWk1QMDBJWW5Pa1hyaS9Eak9SUzUxa29WbjlrUT09IiwiY29udGVudCI6Iltjb250YWN0LWZpZWxkIGxhYmVsPVwiTm9tYnJlXCIgdHlwZT1cIm5hbWVcIiByZXF1aXJlZD1cIjFcIi9dW2NvbnRhY3QtZmllbGQgbGFiZWw9XCJFbWFpbFwiIHR5cGU9XCJlbWFpbFwiIHJlcXVpcmVkPVwiMVwiL11bY29udGFjdC1maWVsZCBsYWJlbD1cIkNvbWVudGFyaW9cIiB0eXBlPVwidGV4dGFyZWFcIiByZXF1aXJlZD1cIjFcIi9dIiwiaGFzaCI6IjlkODQ0ZjlhZTk5MWU5MTg2MzNlMDhlYjkyZjYzZmUyODBhZTYwNDMiLCJzb3VyY2UiOnsiZW50cnlfdGl0bGUiOiJDb250YWN0byIsImVudHJ5X3BhZ2UiOjEsInNvdXJjZV9pZCI6Mywic291cmNlX3R5cGUiOiJzaW5nbGUiLCJyZXF1ZXN0X3VybCI6Imh0dHBzOi8vZ2VuZXNpc29mZXhvZHVzZmlsbS5jb20vZXMvd3AtanNvbi93cC92Mi9wYWdlcy8zIn0sInZlcnNpb24iOjIsImNpcGhlciI6ImFlcy0yNTYtZ2NtIn0.hMOBgeMNnTuf_TB9PqfNbjWeARXP-FmgML6PHvOPaZs' \/>\n\n<div style=\"\"  data-wp-interactive=\"jetpack\/form\" data-wp-context='{\"fieldId\":\"g3-nombre\",\"fieldType\":\"name\",\"fieldLabel\":\"Nombre\",\"fieldValue\":\"\",\"fieldPlaceholder\":\"\",\"fieldIsRequired\":\"1\",\"fieldErrorMessage\":\"\",\"fieldExtra\":[],\"formHash\":\"9d844f9ae991e918633e08eb92f63fe280ae6043\"}'  class='grunion-field-name-wrap grunion-field-wrap'  data-wp-init='callbacks.initializeField' data-wp-on--jetpack-form-reset='callbacks.initializeField' >\n<label\n\t\t\t\tfor='g3-nombre' class=\"grunion-field-label name\" >Nombre<span class=\"grunion-label-required\" aria-hidden=\"true\">(obligatorio)<\/span><\/label>\n<input\n\t\t\t\t\ttype='text'\n\t\t\t\t\tname='g3-nombre'\n\t\t\t\t\tid='g3-nombre'\n\t\t\t\t\tvalue=''\n\n\t\t\t\t\tdata-wp-bind--aria-invalid='state.fieldAriaInvalid'\n\t\t\t\t\tdata-wp-bind--value='state.getFieldValue'\n\t\t\t\t\taria-describedby='g3-nombre-text-error-message'\n\t\t\t\t\tdata-wp-on--input='actions.onFieldChange'\n\t\t\t\t\tdata-wp-on--blur='actions.onFieldBlur'\n\t\t\t\t\tdata-wp-class--has-value='state.hasFieldValue'\n\n\t\t\t\t\tclass='name  grunion-field' \n\t\t\t\t\trequired='true' aria-required='true'  \/>\n \n\t\t\t<div id=\"g3-nombre-text-error\" class=\"contact-form__input-error\" data-wp-class--has-errors=\"state.fieldHasErrors\">\n\t\t\t\t<span class=\"contact-form__warning-icon\" aria-hidden=\"true\">\n\t\t\t\t\t<svg width=\"16\" height=\"16\" viewBox=\"0 0 16 16\" fill=\"none\" xmlns=\"http:\/\/www.w3.org\/2000\/svg\">\n\t\t\t\t\t\t<path d=\"M8.50015 11.6402H7.50015V10.6402H8.50015V11.6402Z\" \/>\n\t\t\t\t\t\t<path d=\"M7.50015 9.64018H8.50015V6.30684H7.50015V9.64018Z\" \/>\n\t\t\t\t\t\t<path fill-rule=\"evenodd\" clip-rule=\"evenodd\" d=\"M6.98331 3.0947C7.42933 2.30177 8.57096 2.30177 9.01698 3.09469L13.8771 11.7349C14.3145 12.5126 13.7525 13.4735 12.8602 13.4735H3.14004C2.24774 13.4735 1.68575 12.5126 2.12321 11.7349L6.98331 3.0947ZM8.14541 3.58496C8.08169 3.47168 7.9186 3.47168 7.85488 3.58496L2.99478 12.2251C2.93229 12.3362 3.01257 12.4735 3.14004 12.4735H12.8602C12.9877 12.4735 13.068 12.3362 13.0055 12.2251L8.14541 3.58496Z\" \/>\n\t\t\t\t\t<\/svg>\n\t\t\t\t<\/span>\n\t\t\t\t<span data-wp-text=\"state.errorMessage\" id=\"g3-nombre-text-error-message\"><\/span>\n\t\t\t<\/div> \n\t<\/div>\n\n<div style=\"\"  data-wp-interactive=\"jetpack\/form\" data-wp-context='{\"fieldId\":\"g3-email\",\"fieldType\":\"email\",\"fieldLabel\":\"Email\",\"fieldValue\":\"\",\"fieldPlaceholder\":\"\",\"fieldIsRequired\":\"1\",\"fieldErrorMessage\":\"\",\"fieldExtra\":[],\"formHash\":\"9d844f9ae991e918633e08eb92f63fe280ae6043\"}'  class='grunion-field-email-wrap grunion-field-wrap'  data-wp-init='callbacks.initializeField' data-wp-on--jetpack-form-reset='callbacks.initializeField' >\n<label\n\t\t\t\tfor='g3-email' class=\"grunion-field-label email\" >Email<span class=\"grunion-label-required\" aria-hidden=\"true\">(obligatorio)<\/span><\/label>\n<input\n\t\t\t\t\ttype='email'\n\t\t\t\t\tname='g3-email'\n\t\t\t\t\tid='g3-email'\n\t\t\t\t\tvalue=''\n\n\t\t\t\t\tdata-wp-bind--aria-invalid='state.fieldAriaInvalid'\n\t\t\t\t\tdata-wp-bind--value='state.getFieldValue'\n\t\t\t\t\taria-describedby='g3-email-email-error-message'\n\t\t\t\t\tdata-wp-on--input='actions.onFieldChange'\n\t\t\t\t\tdata-wp-on--blur='actions.onFieldBlur'\n\t\t\t\t\tdata-wp-class--has-value='state.hasFieldValue'\n\n\t\t\t\t\tclass='email  grunion-field' \n\t\t\t\t\trequired='true' aria-required='true'  \/>\n \n\t\t\t<div id=\"g3-email-email-error\" class=\"contact-form__input-error\" data-wp-class--has-errors=\"state.fieldHasErrors\">\n\t\t\t\t<span class=\"contact-form__warning-icon\" aria-hidden=\"true\">\n\t\t\t\t\t<svg width=\"16\" height=\"16\" viewBox=\"0 0 16 16\" fill=\"none\" xmlns=\"http:\/\/www.w3.org\/2000\/svg\">\n\t\t\t\t\t\t<path d=\"M8.50015 11.6402H7.50015V10.6402H8.50015V11.6402Z\" \/>\n\t\t\t\t\t\t<path d=\"M7.50015 9.64018H8.50015V6.30684H7.50015V9.64018Z\" \/>\n\t\t\t\t\t\t<path fill-rule=\"evenodd\" clip-rule=\"evenodd\" d=\"M6.98331 3.0947C7.42933 2.30177 8.57096 2.30177 9.01698 3.09469L13.8771 11.7349C14.3145 12.5126 13.7525 13.4735 12.8602 13.4735H3.14004C2.24774 13.4735 1.68575 12.5126 2.12321 11.7349L6.98331 3.0947ZM8.14541 3.58496C8.08169 3.47168 7.9186 3.47168 7.85488 3.58496L2.99478 12.2251C2.93229 12.3362 3.01257 12.4735 3.14004 12.4735H12.8602C12.9877 12.4735 13.068 12.3362 13.0055 12.2251L8.14541 3.58496Z\" \/>\n\t\t\t\t\t<\/svg>\n\t\t\t\t<\/span>\n\t\t\t\t<span data-wp-text=\"state.errorMessage\" id=\"g3-email-email-error-message\"><\/span>\n\t\t\t<\/div> \n\t<\/div>\n\n<div style=\"\"  data-wp-interactive=\"jetpack\/form\" data-wp-context='{\"fieldId\":\"g3-comentario\",\"fieldType\":\"textarea\",\"fieldLabel\":\"Comentario\",\"fieldValue\":\"\",\"fieldPlaceholder\":\"\",\"fieldIsRequired\":\"1\",\"fieldErrorMessage\":\"\",\"fieldExtra\":[],\"formHash\":\"9d844f9ae991e918633e08eb92f63fe280ae6043\"}'  class='grunion-field-textarea-wrap grunion-field-wrap'  data-wp-init='callbacks.initializeField' data-wp-on--jetpack-form-reset='callbacks.initializeField' >\n<label\n\t\t\t\tfor='contact-form-comment-g3-comentario' class=\"grunion-field-label textarea\" >Comentario<span class=\"grunion-label-required\" aria-hidden=\"true\">(obligatorio)<\/span><\/label>\n<textarea\n\t\t                style=''\n\t\t                name='g3-comentario'\n\t\t                id='contact-form-comment-g3-comentario'\n\t\t                rows='20'\n\t\t\t\t\t\tdata-wp-text='state.getFieldValue'\n\t\t\t\t\t\tdata-wp-on--input='actions.onFieldChange'\n\t\t\t\t\t\tdata-wp-on--blur='actions.onFieldBlur'\n\t\t\t\t\t\tdata-wp-class--has-value='state.hasFieldValue'\n\t\t\t\t\t\taria-describedby='g3-comentario-textarea-error-message'\n\t\t\t\t\t\tdata-wp-bind--aria-invalid='state.fieldAriaInvalid'\n\t\t\t\t\t\tclass='textarea  grunion-field'  required aria-required='true'><\/textarea>\n \n\t\t\t<div id=\"g3-comentario-textarea-error\" class=\"contact-form__input-error\" data-wp-class--has-errors=\"state.fieldHasErrors\">\n\t\t\t\t<span class=\"contact-form__warning-icon\" aria-hidden=\"true\">\n\t\t\t\t\t<svg width=\"16\" height=\"16\" viewBox=\"0 0 16 16\" fill=\"none\" xmlns=\"http:\/\/www.w3.org\/2000\/svg\">\n\t\t\t\t\t\t<path d=\"M8.50015 11.6402H7.50015V10.6402H8.50015V11.6402Z\" \/>\n\t\t\t\t\t\t<path d=\"M7.50015 9.64018H8.50015V6.30684H7.50015V9.64018Z\" \/>\n\t\t\t\t\t\t<path fill-rule=\"evenodd\" clip-rule=\"evenodd\" d=\"M6.98331 3.0947C7.42933 2.30177 8.57096 2.30177 9.01698 3.09469L13.8771 11.7349C14.3145 12.5126 13.7525 13.4735 12.8602 13.4735H3.14004C2.24774 13.4735 1.68575 12.5126 2.12321 11.7349L6.98331 3.0947ZM8.14541 3.58496C8.08169 3.47168 7.9186 3.47168 7.85488 3.58496L2.99478 12.2251C2.93229 12.3362 3.01257 12.4735 3.14004 12.4735H12.8602C12.9877 12.4735 13.068 12.3362 13.0055 12.2251L8.14541 3.58496Z\" \/>\n\t\t\t\t\t<\/svg>\n\t\t\t\t<\/span>\n\t\t\t\t<span data-wp-text=\"state.errorMessage\" id=\"g3-comentario-textarea-error-message\"><\/span>\n\t\t\t<\/div>\n\t<\/div>\n\t<p class='contact-submit'>\n<div class=\"contact-form__error\" data-wp-class--show-errors=\"state.showFormErrors\"><span class=\"contact-form__warning-icon\" aria-hidden=\"true\"><i><\/i><\/span><span class=\"contact-form__error-message\" tabindex=\"-1\" data-wp-watch=\"callbacks.focusOnValidationError\" data-wp-text=\"state.getFormErrorMessage\"><\/span><ul aria-label=\"Errores del formulario\">\n\t\t\t\t<template data-wp-each=\"state.getErrorList\" data-wp-key=\"context.item.id\">\n\t\t\t\t\t<li><a data-wp-bind--href=\"context.item.anchor\" data-wp-on--click=\"actions.scrollIntoView\" data-wp-text=\"context.item.label\"><\/a><\/li>\n\t\t\t\t<\/template>\n\t\t\t\t<\/ul><\/div><div class=\"contact-form__error\" data-wp-class--show-errors=\"state.showSubmissionError\" data-wp-text=\"context.submissionError\" tabindex=\"-1\" data-wp-watch=\"callbacks.focusOnSubmissionError\"><\/div>\t\t<button type='submit' class='pushbutton-wide'>Enviar<\/button>\t\t<input type='hidden' name='contact-form-id' value='3' \/>\n\t\t<input type='hidden' name='action' value='grunion-contact-form' \/>\n\t\t<input type='hidden' name='contact-form-hash' value='9d844f9ae991e918633e08eb92f63fe280ae6043' \/>\n\t<\/p>\n<p style=\"display: none !important;\" class=\"akismet-fields-container\" data-prefix=\"ak_\"><label>&#916;<textarea name=\"ak_hp_textarea\" cols=\"45\" rows=\"8\" maxlength=\"100\"><\/textarea><\/label><input type=\"hidden\" id=\"ak_js_1\" name=\"ak_js\" value=\"189\"\/><script type=\"text\/javascript\">\n\/* <![CDATA[ *\/\ndocument.getElementById( \"ak_js_1\" ).setAttribute( \"value\", ( new Date() ).getTime() );\n\/* ]]> *\/\n<\/script>\n<\/p><\/form>\n<\/div>\n","protected":false},"excerpt":{"rendered":"<p>This is just a short excerpt for the contact&nbsp;page.<\/p>\n","protected":false},"author":1,"featured_media":313,"parent":0,"menu_order":5,"comment_status":"closed","ping_status":"closed","template":"templates\/full-width-grid-page.php","meta":{"_seopress_robots_primary_cat":"","_seopress_titles_title":"","_seopress_titles_desc":"","_seopress_robots_index":"","footnotes":""},"tags":[],"class_list":["post-3","page","type-page","status-publish","has-post-thumbnail","hentry"],"translation":{"provider":"WPGlobus","version":"3.0.2","language":"es","enabled_languages":["en","es"],"languages":{"en":{"title":true,"content":true,"excerpt":true},"es":{"title":true,"content":true,"excerpt":false}}},"jetpack_sharing_enabled":false,"jetpack_shortlink":"https:\/\/wp.me\/P8PLdG-3","jetpack_likes_enabled":true,"_links":{"self":[{"href":"https:\/\/genesisofexodusfilm.com\/es\/wp-json\/wp\/v2\/pages\/3","targetHints":{"allow":["GET"]}}],"collection":[{"href":"https:\/\/genesisofexodusfilm.com\/es\/wp-json\/wp\/v2\/pages"}],"about":[{"href":"https:\/\/genesisofexodusfilm.com\/es\/wp-json\/wp\/v2\/types\/page"}],"author":[{"embeddable":true,"href":"https:\/\/genesisofexodusfilm.com\/es\/wp-json\/wp\/v2\/users\/1"}],"replies":[{"embeddable":true,"href":"https:\/\/genesisofexodusfilm.com\/es\/wp-json\/wp\/v2\/comments?post=3"}],"version-history":[{"count":14,"href":"https:\/\/genesisofexodusfilm.com\/es\/wp-json\/wp\/v2\/pages\/3\/revisions"}],"predecessor-version":[{"id":209,"href":"https:\/\/genesisofexodusfilm.com\/es\/wp-json\/wp\/v2\/pages\/3\/revisions\/209"}],"wp:featuredmedia":[{"embeddable":true,"href":"https:\/\/genesisofexodusfilm.com\/es\/wp-json\/wp\/v2\/media\/313"}],"wp:attachment":[{"href":"https:\/\/genesisofexodusfilm.com\/es\/wp-json\/wp\/v2\/media?parent=3"}],"wp:term":[{"taxonomy":"post_tag","embeddable":true,"href":"https:\/\/genesisofexodusfilm.com\/es\/wp-json\/wp\/v2\/tags?post=3"}],"curies":[{"name":"wp","href":"https:\/\/api.w.org\/{rel}","templated":true}]}}