{"id":2,"date":"2017-06-12T18:39:14","date_gmt":"2017-06-12T18:39:14","guid":{"rendered":"https:\/\/genesisofexodusfilm.com\/?page_id=2"},"modified":"2017-07-12T22:02:28","modified_gmt":"2017-07-13T02:02:28","slug":"about","status":"publish","type":"page","link":"https:\/\/genesisofexodusfilm.com\/es\/about\/","title":{"rendered":"Acerca"},"content":{"rendered":"<p style=\"padding-left: 30px;\"><a href=\"http:\/\/pcusa.org\"><img data-recalc-dims=\"1\" loading=\"lazy\" decoding=\"async\" data-attachment-id=\"113\" data-permalink=\"https:\/\/genesisofexodusfilm.com\/es\/home\/seal-2color_36x36\/\" data-orig-file=\"https:\/\/i0.wp.com\/genesisofexodusfilm.com\/wp-content\/uploads\/2017\/06\/seal-2color_36x361.png?fit=36%2C36&amp;ssl=1\" data-orig-size=\"36,36\" data-comments-opened=\"1\" data-image-meta=\"{&quot;aperture&quot;:&quot;0&quot;,&quot;credit&quot;:&quot;&quot;,&quot;camera&quot;:&quot;&quot;,&quot;caption&quot;:&quot;&quot;,&quot;created_timestamp&quot;:&quot;0&quot;,&quot;copyright&quot;:&quot;&quot;,&quot;focal_length&quot;:&quot;0&quot;,&quot;iso&quot;:&quot;0&quot;,&quot;shutter_speed&quot;:&quot;0&quot;,&quot;title&quot;:&quot;&quot;,&quot;orientation&quot;:&quot;0&quot;}\" data-image-title=\"seal-2color_36x36\" data-image-description=\"\" data-image-caption=\"\" data-large-file=\"https:\/\/i0.wp.com\/genesisofexodusfilm.com\/wp-content\/uploads\/2017\/06\/seal-2color_36x361.png?fit=36%2C36&amp;ssl=1\" class=\"alignleft wp-image-113 size-full\" src=\"https:\/\/i0.wp.com\/genesisofexodusfilm.com\/wp-content\/uploads\/2017\/06\/seal-2color_36x361.png?resize=28%2C28&#038;ssl=1\" alt=\"\" width=\"28\" height=\"28\" \/><\/a>Somos un equipo de formaci\u00f3n diversa en comunicaci\u00f3n, periodismo, leyes, geograf\u00eda, educaci\u00f3n y dise\u00f1o, pero estamos todos unidos en nuestro deseo de aportar luz a la crisis en Centroam\u00e9rica y a contar la verdad sobre el fracaso de nuestro gobierno para responder adecuadamente al fen\u00f3meno de las familias escapando de dicha crisis.<\/p>\n<p><em><strong>Personal de la Oficina de la Asamblea General &#8211; Iglesia Presbiteriana de los EE.UU.\u00a0<\/strong><\/em><\/p>\n<ul>\n<li>Toya Richards, anterior Directora de Comunicaci\u00f3n<\/li>\n<li>Teresa Waggener, Manager de asuntos de immigraci\u00f3n<\/li>\n<li>Randy Hobson, Manager de dise\u00f1o y multimedia<\/li>\n<li>Amanda Craft, Manager de abogac\u00eda en asuntos de immigraci\u00f3n<\/li>\n<li>Brelin Tilford, camar\u00f3grafo.<\/li>\n<li>Vicente Guna, Manager de tecnolog\u00edas<\/li>\n<\/ul>\n<p align=\"center\"><img data-recalc-dims=\"1\" loading=\"lazy\" decoding=\"async\" data-attachment-id=\"360\" data-permalink=\"https:\/\/genesisofexodusfilm.com\/es\/about\/toya_100x100\/\" data-orig-file=\"https:\/\/i0.wp.com\/genesisofexodusfilm.com\/wp-content\/uploads\/2017\/06\/toya_100x100.jpg?fit=100%2C100&amp;ssl=1\" data-orig-size=\"100,100\" data-comments-opened=\"1\" data-image-meta=\"{&quot;aperture&quot;:&quot;0&quot;,&quot;credit&quot;:&quot;&quot;,&quot;camera&quot;:&quot;&quot;,&quot;caption&quot;:&quot;&quot;,&quot;created_timestamp&quot;:&quot;0&quot;,&quot;copyright&quot;:&quot;&quot;,&quot;focal_length&quot;:&quot;0&quot;,&quot;iso&quot;:&quot;0&quot;,&quot;shutter_speed&quot;:&quot;0&quot;,&quot;title&quot;:&quot;&quot;,&quot;orientation&quot;:&quot;0&quot;}\" data-image-title=\"toya_100x100\" data-image-description=\"\" data-image-caption=\"\" data-large-file=\"https:\/\/i0.wp.com\/genesisofexodusfilm.com\/wp-content\/uploads\/2017\/06\/toya_100x100.jpg?fit=100%2C100&amp;ssl=1\" class=\"alignnone size-full wp-image-360\" style=\"border-radius: 50%;\" src=\"https:\/\/i0.wp.com\/genesisofexodusfilm.com\/wp-content\/uploads\/2017\/06\/toya_100x100.jpg?resize=100%2C100&#038;ssl=1\" alt=\"Toya Richards\" width=\"100\" height=\"100\" srcset=\"https:\/\/i0.wp.com\/genesisofexodusfilm.com\/wp-content\/uploads\/2017\/06\/toya_100x100.jpg?w=100&amp;ssl=1 100w, https:\/\/i0.wp.com\/genesisofexodusfilm.com\/wp-content\/uploads\/2017\/06\/toya_100x100.jpg?resize=50%2C50&amp;ssl=1 50w\" sizes=\"auto, (max-width: 100px) 100vw, 100px\" \/>\u00a0<img data-recalc-dims=\"1\" loading=\"lazy\" decoding=\"async\" data-attachment-id=\"359\" data-permalink=\"https:\/\/genesisofexodusfilm.com\/es\/about\/teresa_100x100\/\" data-orig-file=\"https:\/\/i0.wp.com\/genesisofexodusfilm.com\/wp-content\/uploads\/2017\/06\/teresa_100x100.jpg?fit=100%2C100&amp;ssl=1\" data-orig-size=\"100,100\" data-comments-opened=\"1\" data-image-meta=\"{&quot;aperture&quot;:&quot;0&quot;,&quot;credit&quot;:&quot;&quot;,&quot;camera&quot;:&quot;&quot;,&quot;caption&quot;:&quot;&quot;,&quot;created_timestamp&quot;:&quot;0&quot;,&quot;copyright&quot;:&quot;&quot;,&quot;focal_length&quot;:&quot;0&quot;,&quot;iso&quot;:&quot;0&quot;,&quot;shutter_speed&quot;:&quot;0&quot;,&quot;title&quot;:&quot;&quot;,&quot;orientation&quot;:&quot;0&quot;}\" data-image-title=\"teresa_100x100\" data-image-description=\"\" data-image-caption=\"\" data-large-file=\"https:\/\/i0.wp.com\/genesisofexodusfilm.com\/wp-content\/uploads\/2017\/06\/teresa_100x100.jpg?fit=100%2C100&amp;ssl=1\" class=\"alignnone size-medium wp-image-359\" style=\"border-radius: 50%;\" src=\"https:\/\/i0.wp.com\/genesisofexodusfilm.com\/wp-content\/uploads\/2017\/06\/teresa_100x100.jpg?resize=100%2C100&#038;ssl=1\" alt=\"Teresa Waggener\" width=\"100\" height=\"100\" srcset=\"https:\/\/i0.wp.com\/genesisofexodusfilm.com\/wp-content\/uploads\/2017\/06\/teresa_100x100.jpg?w=100&amp;ssl=1 100w, https:\/\/i0.wp.com\/genesisofexodusfilm.com\/wp-content\/uploads\/2017\/06\/teresa_100x100.jpg?resize=50%2C50&amp;ssl=1 50w\" sizes=\"auto, (max-width: 100px) 100vw, 100px\" \/>\u00a0<img data-recalc-dims=\"1\" loading=\"lazy\" decoding=\"async\" data-attachment-id=\"358\" data-permalink=\"https:\/\/genesisofexodusfilm.com\/es\/about\/randy_100x100\/\" data-orig-file=\"https:\/\/i0.wp.com\/genesisofexodusfilm.com\/wp-content\/uploads\/2017\/06\/randy_100x100.jpg?fit=100%2C100&amp;ssl=1\" data-orig-size=\"100,100\" data-comments-opened=\"1\" data-image-meta=\"{&quot;aperture&quot;:&quot;0&quot;,&quot;credit&quot;:&quot;&quot;,&quot;camera&quot;:&quot;&quot;,&quot;caption&quot;:&quot;&quot;,&quot;created_timestamp&quot;:&quot;0&quot;,&quot;copyright&quot;:&quot;&quot;,&quot;focal_length&quot;:&quot;0&quot;,&quot;iso&quot;:&quot;0&quot;,&quot;shutter_speed&quot;:&quot;0&quot;,&quot;title&quot;:&quot;&quot;,&quot;orientation&quot;:&quot;0&quot;}\" data-image-title=\"randy_100x100\" data-image-description=\"\" data-image-caption=\"\" data-large-file=\"https:\/\/i0.wp.com\/genesisofexodusfilm.com\/wp-content\/uploads\/2017\/06\/randy_100x100.jpg?fit=100%2C100&amp;ssl=1\" class=\"alignnone size-medium wp-image-358\" style=\"border-radius: 50%;\" src=\"https:\/\/i0.wp.com\/genesisofexodusfilm.com\/wp-content\/uploads\/2017\/06\/randy_100x100.jpg?resize=100%2C100&#038;ssl=1\" alt=\"Randy Hobson\" width=\"100\" height=\"100\" srcset=\"https:\/\/i0.wp.com\/genesisofexodusfilm.com\/wp-content\/uploads\/2017\/06\/randy_100x100.jpg?w=100&amp;ssl=1 100w, https:\/\/i0.wp.com\/genesisofexodusfilm.com\/wp-content\/uploads\/2017\/06\/randy_100x100.jpg?resize=50%2C50&amp;ssl=1 50w\" sizes=\"auto, (max-width: 100px) 100vw, 100px\" \/>\u00a0<img data-recalc-dims=\"1\" loading=\"lazy\" decoding=\"async\" data-attachment-id=\"355\" data-permalink=\"https:\/\/genesisofexodusfilm.com\/es\/about\/amanda_100x100\/\" data-orig-file=\"https:\/\/i0.wp.com\/genesisofexodusfilm.com\/wp-content\/uploads\/2017\/06\/amanda_100x100.jpg?fit=100%2C100&amp;ssl=1\" data-orig-size=\"100,100\" data-comments-opened=\"1\" data-image-meta=\"{&quot;aperture&quot;:&quot;0&quot;,&quot;credit&quot;:&quot;&quot;,&quot;camera&quot;:&quot;&quot;,&quot;caption&quot;:&quot;&quot;,&quot;created_timestamp&quot;:&quot;0&quot;,&quot;copyright&quot;:&quot;&quot;,&quot;focal_length&quot;:&quot;0&quot;,&quot;iso&quot;:&quot;0&quot;,&quot;shutter_speed&quot;:&quot;0&quot;,&quot;title&quot;:&quot;&quot;,&quot;orientation&quot;:&quot;0&quot;}\" data-image-title=\"amanda_100x100\" data-image-description=\"\" data-image-caption=\"\" data-large-file=\"https:\/\/i0.wp.com\/genesisofexodusfilm.com\/wp-content\/uploads\/2017\/06\/amanda_100x100.jpg?fit=100%2C100&amp;ssl=1\" class=\"alignnone size-full wp-image-355\" style=\"border-radius: 50%;\" src=\"https:\/\/i0.wp.com\/genesisofexodusfilm.com\/wp-content\/uploads\/2017\/06\/amanda_100x100.jpg?resize=100%2C100&#038;ssl=1\" alt=\"Amanda Craft\" width=\"100\" height=\"100\" srcset=\"https:\/\/i0.wp.com\/genesisofexodusfilm.com\/wp-content\/uploads\/2017\/06\/amanda_100x100.jpg?w=100&amp;ssl=1 100w, https:\/\/i0.wp.com\/genesisofexodusfilm.com\/wp-content\/uploads\/2017\/06\/amanda_100x100.jpg?resize=50%2C50&amp;ssl=1 50w\" sizes=\"auto, (max-width: 100px) 100vw, 100px\" \/>\u00a0<img data-recalc-dims=\"1\" loading=\"lazy\" decoding=\"async\" data-attachment-id=\"352\" data-permalink=\"https:\/\/genesisofexodusfilm.com\/es\/about\/brelin_100x100\/\" data-orig-file=\"https:\/\/i0.wp.com\/genesisofexodusfilm.com\/wp-content\/uploads\/2017\/06\/brelin_100x100.jpg?fit=100%2C100&amp;ssl=1\" data-orig-size=\"100,100\" data-comments-opened=\"1\" data-image-meta=\"{&quot;aperture&quot;:&quot;0&quot;,&quot;credit&quot;:&quot;&quot;,&quot;camera&quot;:&quot;&quot;,&quot;caption&quot;:&quot;&quot;,&quot;created_timestamp&quot;:&quot;0&quot;,&quot;copyright&quot;:&quot;&quot;,&quot;focal_length&quot;:&quot;0&quot;,&quot;iso&quot;:&quot;0&quot;,&quot;shutter_speed&quot;:&quot;0&quot;,&quot;title&quot;:&quot;&quot;,&quot;orientation&quot;:&quot;0&quot;}\" data-image-title=\"brelin_100x100\" data-image-description=\"\" data-image-caption=\"\" data-large-file=\"https:\/\/i0.wp.com\/genesisofexodusfilm.com\/wp-content\/uploads\/2017\/06\/brelin_100x100.jpg?fit=100%2C100&amp;ssl=1\" class=\"alignnone size-full wp-image-352\" style=\"border-radius: 50%;\" src=\"https:\/\/i0.wp.com\/genesisofexodusfilm.com\/wp-content\/uploads\/2017\/06\/brelin_100x100.jpg?resize=100%2C100&#038;ssl=1\" alt=\"Brelin Tilford\" width=\"100\" height=\"100\" srcset=\"https:\/\/i0.wp.com\/genesisofexodusfilm.com\/wp-content\/uploads\/2017\/06\/brelin_100x100.jpg?w=100&amp;ssl=1 100w, https:\/\/i0.wp.com\/genesisofexodusfilm.com\/wp-content\/uploads\/2017\/06\/brelin_100x100.jpg?resize=50%2C50&amp;ssl=1 50w\" sizes=\"auto, (max-width: 100px) 100vw, 100px\" \/> <img data-recalc-dims=\"1\" loading=\"lazy\" decoding=\"async\" data-attachment-id=\"362\" data-permalink=\"https:\/\/genesisofexodusfilm.com\/es\/about\/vicente_100x100\/\" data-orig-file=\"https:\/\/i0.wp.com\/genesisofexodusfilm.com\/wp-content\/uploads\/2017\/06\/vicente_100x100.jpg?fit=100%2C100&amp;ssl=1\" data-orig-size=\"100,100\" data-comments-opened=\"1\" data-image-meta=\"{&quot;aperture&quot;:&quot;0&quot;,&quot;credit&quot;:&quot;&quot;,&quot;camera&quot;:&quot;&quot;,&quot;caption&quot;:&quot;&quot;,&quot;created_timestamp&quot;:&quot;0&quot;,&quot;copyright&quot;:&quot;&quot;,&quot;focal_length&quot;:&quot;0&quot;,&quot;iso&quot;:&quot;0&quot;,&quot;shutter_speed&quot;:&quot;0&quot;,&quot;title&quot;:&quot;&quot;,&quot;orientation&quot;:&quot;0&quot;}\" data-image-title=\"vicente_100x100\" data-image-description=\"\" data-image-caption=\"\" data-large-file=\"https:\/\/i0.wp.com\/genesisofexodusfilm.com\/wp-content\/uploads\/2017\/06\/vicente_100x100.jpg?fit=100%2C100&amp;ssl=1\" class=\"alignnone size-medium wp-image-362\" style=\"border-radius: 50%;\" src=\"https:\/\/i0.wp.com\/genesisofexodusfilm.com\/wp-content\/uploads\/2017\/06\/vicente_100x100.jpg?resize=100%2C100&#038;ssl=1\" alt=\"Vicente Guna\" width=\"100\" height=\"100\" srcset=\"https:\/\/i0.wp.com\/genesisofexodusfilm.com\/wp-content\/uploads\/2017\/06\/vicente_100x100.jpg?w=100&amp;ssl=1 100w, https:\/\/i0.wp.com\/genesisofexodusfilm.com\/wp-content\/uploads\/2017\/06\/vicente_100x100.jpg?resize=50%2C50&amp;ssl=1 50w\" sizes=\"auto, (max-width: 100px) 100vw, 100px\" \/><\/p>\n<p style=\"text-align: center;\">No conseguimos todo \u00e9sto s\u00f3los, sino con el apoyo de otros muchos y muchas:<\/p>\n<p><strong>Agradecimiento especial para Joyce Lieberman<\/strong>, entonces Directora de Servicios Constitucionales en la Oficina de la Asamblea General, por su apoyo incondicional y su confianza en este proyecto.<\/p>\n<p align=\"center\"><img data-recalc-dims=\"1\" loading=\"lazy\" decoding=\"async\" data-attachment-id=\"356\" data-permalink=\"https:\/\/genesisofexodusfilm.com\/es\/about\/joyce_100x100\/\" data-orig-file=\"https:\/\/i0.wp.com\/genesisofexodusfilm.com\/wp-content\/uploads\/2017\/06\/joyce_100x100.jpg?fit=100%2C100&amp;ssl=1\" data-orig-size=\"100,100\" data-comments-opened=\"1\" data-image-meta=\"{&quot;aperture&quot;:&quot;0&quot;,&quot;credit&quot;:&quot;&quot;,&quot;camera&quot;:&quot;&quot;,&quot;caption&quot;:&quot;&quot;,&quot;created_timestamp&quot;:&quot;0&quot;,&quot;copyright&quot;:&quot;&quot;,&quot;focal_length&quot;:&quot;0&quot;,&quot;iso&quot;:&quot;0&quot;,&quot;shutter_speed&quot;:&quot;0&quot;,&quot;title&quot;:&quot;&quot;,&quot;orientation&quot;:&quot;0&quot;}\" data-image-title=\"joyce_100x100\" data-image-description=\"\" data-image-caption=\"\" data-large-file=\"https:\/\/i0.wp.com\/genesisofexodusfilm.com\/wp-content\/uploads\/2017\/06\/joyce_100x100.jpg?fit=100%2C100&amp;ssl=1\" class=\"alignnone size-medium wp-image-356\" style=\"border-radius: 50%;\" src=\"https:\/\/i0.wp.com\/genesisofexodusfilm.com\/wp-content\/uploads\/2017\/06\/joyce_100x100.jpg?resize=100%2C100&#038;ssl=1\" alt=\"Joyce Lieberman\" width=\"100\" height=\"100\" srcset=\"https:\/\/i0.wp.com\/genesisofexodusfilm.com\/wp-content\/uploads\/2017\/06\/joyce_100x100.jpg?w=100&amp;ssl=1 100w, https:\/\/i0.wp.com\/genesisofexodusfilm.com\/wp-content\/uploads\/2017\/06\/joyce_100x100.jpg?resize=50%2C50&amp;ssl=1 50w\" sizes=\"auto, (max-width: 100px) 100vw, 100px\" \/><\/p>\n<p><em><strong>Gracias por la hospitalidad, sabidur\u00eda y gu\u00eda de los misioneros de la Iglesia Presbiteriana de EE.UU. en El Salvador y Guatemala.<\/strong><\/em><\/p>\n<ul>\n<li>Rev. Leslie Vogel,\u00a0Misi\u00f3n Mundial, trabajadora para la Misi\u00f3n con el <a href=\"http:\/\/www.cedepca.org\" target=\"_blank\" rel=\"noopener\">Centro Evang\u00e9lico de Estudios Pastorales en Centroam\u00e9rica &#8211; CEDEPCA<\/a>, Presbyterian Church (U.S.A.)<\/li>\n<li>Tracey King-Ortega, Misi\u00f3n Mundial, trabajadora para la Misi\u00f3n en Nicaragua, Presbyterian Church (U.S.A.)<\/li>\n<\/ul>\n<p align=\"center\"><img data-recalc-dims=\"1\" loading=\"lazy\" decoding=\"async\" data-attachment-id=\"357\" data-permalink=\"https:\/\/genesisofexodusfilm.com\/es\/about\/leslie_100x100\/\" data-orig-file=\"https:\/\/i0.wp.com\/genesisofexodusfilm.com\/wp-content\/uploads\/2017\/06\/leslie_100x100.jpg?fit=100%2C100&amp;ssl=1\" data-orig-size=\"100,100\" data-comments-opened=\"1\" data-image-meta=\"{&quot;aperture&quot;:&quot;0&quot;,&quot;credit&quot;:&quot;&quot;,&quot;camera&quot;:&quot;&quot;,&quot;caption&quot;:&quot;&quot;,&quot;created_timestamp&quot;:&quot;0&quot;,&quot;copyright&quot;:&quot;&quot;,&quot;focal_length&quot;:&quot;0&quot;,&quot;iso&quot;:&quot;0&quot;,&quot;shutter_speed&quot;:&quot;0&quot;,&quot;title&quot;:&quot;&quot;,&quot;orientation&quot;:&quot;0&quot;}\" data-image-title=\"leslie_100x100\" data-image-description=\"\" data-image-caption=\"\" data-large-file=\"https:\/\/i0.wp.com\/genesisofexodusfilm.com\/wp-content\/uploads\/2017\/06\/leslie_100x100.jpg?fit=100%2C100&amp;ssl=1\" class=\"alignnone size-medium wp-image-357\" style=\"border-radius: 50%;\" src=\"https:\/\/i0.wp.com\/genesisofexodusfilm.com\/wp-content\/uploads\/2017\/06\/leslie_100x100.jpg?resize=100%2C100&#038;ssl=1\" alt=\"Leslie Vogel\" width=\"100\" height=\"100\" srcset=\"https:\/\/i0.wp.com\/genesisofexodusfilm.com\/wp-content\/uploads\/2017\/06\/leslie_100x100.jpg?w=100&amp;ssl=1 100w, https:\/\/i0.wp.com\/genesisofexodusfilm.com\/wp-content\/uploads\/2017\/06\/leslie_100x100.jpg?resize=50%2C50&amp;ssl=1 50w\" sizes=\"auto, (max-width: 100px) 100vw, 100px\" \/>\u00a0<img data-recalc-dims=\"1\" loading=\"lazy\" decoding=\"async\" data-attachment-id=\"361\" data-permalink=\"https:\/\/genesisofexodusfilm.com\/es\/about\/tracey_100x100\/\" data-orig-file=\"https:\/\/i0.wp.com\/genesisofexodusfilm.com\/wp-content\/uploads\/2017\/06\/tracey_100x100.jpg?fit=100%2C100&amp;ssl=1\" data-orig-size=\"100,100\" data-comments-opened=\"1\" data-image-meta=\"{&quot;aperture&quot;:&quot;0&quot;,&quot;credit&quot;:&quot;&quot;,&quot;camera&quot;:&quot;&quot;,&quot;caption&quot;:&quot;&quot;,&quot;created_timestamp&quot;:&quot;0&quot;,&quot;copyright&quot;:&quot;&quot;,&quot;focal_length&quot;:&quot;0&quot;,&quot;iso&quot;:&quot;0&quot;,&quot;shutter_speed&quot;:&quot;0&quot;,&quot;title&quot;:&quot;&quot;,&quot;orientation&quot;:&quot;0&quot;}\" data-image-title=\"tracey_100x100\" data-image-description=\"\" data-image-caption=\"\" data-large-file=\"https:\/\/i0.wp.com\/genesisofexodusfilm.com\/wp-content\/uploads\/2017\/06\/tracey_100x100.jpg?fit=100%2C100&amp;ssl=1\" class=\"alignnone size-medium wp-image-361\" style=\"border-radius: 50%;\" src=\"https:\/\/i0.wp.com\/genesisofexodusfilm.com\/wp-content\/uploads\/2017\/06\/tracey_100x100.jpg?resize=100%2C100&#038;ssl=1\" alt=\"Tracey King-Ortega\" width=\"100\" height=\"100\" srcset=\"https:\/\/i0.wp.com\/genesisofexodusfilm.com\/wp-content\/uploads\/2017\/06\/tracey_100x100.jpg?w=100&amp;ssl=1 100w, https:\/\/i0.wp.com\/genesisofexodusfilm.com\/wp-content\/uploads\/2017\/06\/tracey_100x100.jpg?resize=50%2C50&amp;ssl=1 50w\" sizes=\"auto, (max-width: 100px) 100vw, 100px\" \/><\/p>\n<p><em><strong>Al apoyo de nuestros socios globales:<\/strong><\/em><\/p>\n<ul>\n<li>Iglesia Reformada Calvinista de El Salvador<\/li>\n<li>Iglesia Presbiteriana de Guatemala<\/li>\n<li>\u00a0<a href=\"http:\/\/www.cedepca.org\" target=\"_blank\" rel=\"noopener\">Centro Evang\u00e9lico de Estudios Pastorales en Centroam\u00e9rica &#8211; CEDEPCA<\/a><\/li>\n<\/ul>\n<p><em><strong>Las organizaciones trabajando para cambiar las vidas de muchos centroamericanos:<\/strong><\/em><\/p>\n<ul>\n<li><a href=\"http:\/\/www.cristosal.org\" target=\"_blank\" rel=\"noopener\">Cristosal, Centro para los Derechos Humanos<\/a>, El Salvador<\/li>\n<li><a href=\"https:\/\/www.crs.org\/\" target=\"_blank\" rel=\"noopener\">Servicios Cat\u00f3licos de Alivio, J\u00f3venes Constructores<\/a>, El Salvador<\/li>\n<li>USAID Office, U.S. Embassy, El Salvador<\/li>\n<li>Ursula Rold\u00e1n Andrade, Director of Research and Social Projection on Global and Territorial Dynamics, Universidad Rafael Land\u00edvar<\/li>\n<li><a href=\"http:\/\/www.cafered.org\/\" target=\"_blank\" rel=\"noopener\"> RedK&#8217;at<\/a>, Guatemala<\/li>\n<li>Mujeres Presbiterianas de Quetzaltenango, Guatemala<\/li>\n<\/ul>\n<p><em><strong>Y cuando no podemos llegar lo suficientemente r\u00e1pido, gracias a los que proporcionan asistencia a aquellos que se encuentran en el camino hacia otros pa\u00edses:<\/strong><\/em><\/p>\n<ul>\n<li>Casas Migrantes Scalabrinianos, Guatemala and Mexico<\/li>\n<li>Do\u00f1a Olga S\u00e1nchez Mart\u00ednez, founder of the shelter \u201cJes\u00fas El Buen Pastor del Pobre y el Migrante\u201d, M\u00e9xico<\/li>\n<li>El Centro de Derechos Humanos, Fray Matias de Cordoba, Mexico<\/li>\n<\/ul>\n","protected":false},"excerpt":{"rendered":"<p>This is just a short excerpt for the about&nbsp;page.<\/p>\n","protected":false},"author":1,"featured_media":281,"parent":0,"menu_order":4,"comment_status":"closed","ping_status":"closed","template":"templates\/full-width-grid-page.php","meta":{"_seopress_robots_primary_cat":"","_seopress_titles_title":"","_seopress_titles_desc":"","_seopress_robots_index":"","_seopress_analysis_target_kw":"","footnotes":""},"tags":[],"class_list":["post-2","page","type-page","status-publish","has-post-thumbnail","hentry"],"translation":{"provider":"WPGlobus","version":"3.0.2","language":"es","enabled_languages":["en","es"],"languages":{"en":{"title":true,"content":true,"excerpt":true},"es":{"title":true,"content":true,"excerpt":false}}},"jetpack_sharing_enabled":false,"jetpack_shortlink":"https:\/\/wp.me\/P8PLdG-2","jetpack_likes_enabled":true,"_links":{"self":[{"href":"https:\/\/genesisofexodusfilm.com\/es\/wp-json\/wp\/v2\/pages\/2","targetHints":{"allow":["GET"]}}],"collection":[{"href":"https:\/\/genesisofexodusfilm.com\/es\/wp-json\/wp\/v2\/pages"}],"about":[{"href":"https:\/\/genesisofexodusfilm.com\/es\/wp-json\/wp\/v2\/types\/page"}],"author":[{"embeddable":true,"href":"https:\/\/genesisofexodusfilm.com\/es\/wp-json\/wp\/v2\/users\/1"}],"replies":[{"embeddable":true,"href":"https:\/\/genesisofexodusfilm.com\/es\/wp-json\/wp\/v2\/comments?post=2"}],"version-history":[{"count":50,"href":"https:\/\/genesisofexodusfilm.com\/es\/wp-json\/wp\/v2\/pages\/2\/revisions"}],"predecessor-version":[{"id":375,"href":"https:\/\/genesisofexodusfilm.com\/es\/wp-json\/wp\/v2\/pages\/2\/revisions\/375"}],"wp:featuredmedia":[{"embeddable":true,"href":"https:\/\/genesisofexodusfilm.com\/es\/wp-json\/wp\/v2\/media\/281"}],"wp:attachment":[{"href":"https:\/\/genesisofexodusfilm.com\/es\/wp-json\/wp\/v2\/media?parent=2"}],"wp:term":[{"taxonomy":"post_tag","embeddable":true,"href":"https:\/\/genesisofexodusfilm.com\/es\/wp-json\/wp\/v2\/tags?post=2"}],"curies":[{"name":"wp","href":"https:\/\/api.w.org\/{rel}","templated":true}]}}