{"id":127,"date":"2017-06-26T14:25:49","date_gmt":"2017-06-26T18:25:49","guid":{"rendered":"http:\/\/genesisofexodusfilm.com\/?page_id=127"},"modified":"2018-02-13T13:40:01","modified_gmt":"2018-02-13T18:40:01","slug":"home","status":"publish","type":"page","link":"https:\/\/genesisofexodusfilm.com\/es\/","title":{"rendered":"Violencia, pobreza y desintegraci\u00f3n social: las causas ra\u00edces de la migraci\u00f3n centroamericana"},"content":{"rendered":"<p style=\"padding-left: 30px;\"><a href=\"http:\/\/pcusa.org\"><img data-recalc-dims=\"1\" loading=\"lazy\" decoding=\"async\" data-attachment-id=\"113\" data-permalink=\"https:\/\/genesisofexodusfilm.com\/es\/home\/seal-2color_36x36\/\" data-orig-file=\"https:\/\/i0.wp.com\/genesisofexodusfilm.com\/wp-content\/uploads\/2017\/06\/seal-2color_36x361.png?fit=36%2C36&amp;ssl=1\" data-orig-size=\"36,36\" data-comments-opened=\"1\" data-image-meta=\"{&quot;aperture&quot;:&quot;0&quot;,&quot;credit&quot;:&quot;&quot;,&quot;camera&quot;:&quot;&quot;,&quot;caption&quot;:&quot;&quot;,&quot;created_timestamp&quot;:&quot;0&quot;,&quot;copyright&quot;:&quot;&quot;,&quot;focal_length&quot;:&quot;0&quot;,&quot;iso&quot;:&quot;0&quot;,&quot;shutter_speed&quot;:&quot;0&quot;,&quot;title&quot;:&quot;&quot;,&quot;orientation&quot;:&quot;0&quot;}\" data-image-title=\"seal-2color_36x36\" data-image-description=\"\" data-image-caption=\"\" data-large-file=\"https:\/\/i0.wp.com\/genesisofexodusfilm.com\/wp-content\/uploads\/2017\/06\/seal-2color_36x361.png?fit=36%2C36&amp;ssl=1\" class=\"alignleft wp-image-113 size-full\" src=\"https:\/\/i0.wp.com\/genesisofexodusfilm.com\/wp-content\/uploads\/2017\/06\/seal-2color_36x361.png?resize=28%2C28&#038;ssl=1\" alt=\"\" width=\"28\" height=\"28\" \/><\/a>En el a\u00f1o 2014, familias y menores llegaron a la frontera estadounidense en n\u00fameros nunca vistos.<\/p>\n<p>El personal de la Oficina de la Asamblea General y muchas otras personas de las congregaciones a las que sirve, se conmovieron cuando estas familias y menores empezaron a huir hacia los EE.UU. desde Honduras, El Salvador y Guatemala.<\/p>\n<p>Decepcionados por la decisi\u00f3n de nuestro gobierno de de actuar en contra de estas familias en vez de protegerlas, y por la disparidad entre la forma en que el gobierno deber\u00eda tratar a los solicitantes de asilo &#8211; de acuerdo a las leyes y a las pol\u00edticas -, y la forma en que de hecho los trata, hemos creado este sitio web para informar a las congregaciones y comunidades en los EE.UU. sobre la poblaci\u00f3n centroamericana que busca seguridad en este pa\u00eds.<\/p>\n<p>Por favor, use esta pel\u00edcula, historia en mapas,\u00a0<a href=\"http:\/\/oga.pcusa.org\/site_media\/media\/uploads\/oga\/pdf\/genesis_of_exodus_reflection_guide.pdf\" target=\"_blank\" rel=\"noopener\">gu\u00eda de reflexi\u00f3n<\/a> y los recursos listados para acercar a las comunidades, para educar los unos a los otros desde la compasi\u00f3n, inspirar los unos a los otros para acercarnos amistosamente a nuestros nuevos vecinos, y para retar los unos a los otros a organizarse y abogar para una reforma.<\/p>\n","protected":false},"excerpt":{"rendered":"<p>En el a\u00f1o 2014, familias y menores llegaron a la frontera estadounidense en n\u00fameros nunca vistos. El personal de la Oficina de la Asamblea General y muchas otras personas de las congregaciones a las que sirve, se conmovieron cuando estas familias y menores empezaron a huir hacia los EE.UU. desde Honduras, El Salvador y Guatemala.&#x2026; <\/p>\n<p class=\"more-link-container wp-block-button is-style-outline\"><a href=\"https:\/\/genesisofexodusfilm.com\/es\/\" class=\"more-link wp-block-button__link\">Sigue leyendo <span class=\"screen-reader-text\">Violencia, pobreza y desintegraci\u00f3n social: las causas ra\u00edces de la migraci\u00f3n centroamericana<\/span><\/a><\/p>\n","protected":false},"author":1,"featured_media":110,"parent":0,"menu_order":0,"comment_status":"closed","ping_status":"closed","template":"templates\/full-width-grid-page.php","meta":{"_seopress_robots_primary_cat":"","_seopress_titles_title":"","_seopress_titles_desc":"","_seopress_robots_index":"","footnotes":""},"tags":[],"class_list":["post-127","page","type-page","status-publish","has-post-thumbnail","hentry"],"translation":{"provider":"WPGlobus","version":"3.0.2","language":"es","enabled_languages":["en","es"],"languages":{"en":{"title":true,"content":true,"excerpt":false},"es":{"title":true,"content":true,"excerpt":false}}},"jetpack_sharing_enabled":true,"jetpack_shortlink":"https:\/\/wp.me\/P8PLdG-23","jetpack_likes_enabled":true,"_links":{"self":[{"href":"https:\/\/genesisofexodusfilm.com\/es\/wp-json\/wp\/v2\/pages\/127","targetHints":{"allow":["GET"]}}],"collection":[{"href":"https:\/\/genesisofexodusfilm.com\/es\/wp-json\/wp\/v2\/pages"}],"about":[{"href":"https:\/\/genesisofexodusfilm.com\/es\/wp-json\/wp\/v2\/types\/page"}],"author":[{"embeddable":true,"href":"https:\/\/genesisofexodusfilm.com\/es\/wp-json\/wp\/v2\/users\/1"}],"replies":[{"embeddable":true,"href":"https:\/\/genesisofexodusfilm.com\/es\/wp-json\/wp\/v2\/comments?post=127"}],"version-history":[{"count":25,"href":"https:\/\/genesisofexodusfilm.com\/es\/wp-json\/wp\/v2\/pages\/127\/revisions"}],"predecessor-version":[{"id":405,"href":"https:\/\/genesisofexodusfilm.com\/es\/wp-json\/wp\/v2\/pages\/127\/revisions\/405"}],"wp:featuredmedia":[{"embeddable":true,"href":"https:\/\/genesisofexodusfilm.com\/es\/wp-json\/wp\/v2\/media\/110"}],"wp:attachment":[{"href":"https:\/\/genesisofexodusfilm.com\/es\/wp-json\/wp\/v2\/media?parent=127"}],"wp:term":[{"taxonomy":"post_tag","embeddable":true,"href":"https:\/\/genesisofexodusfilm.com\/es\/wp-json\/wp\/v2\/tags?post=127"}],"curies":[{"name":"wp","href":"https:\/\/api.w.org\/{rel}","templated":true}]}}